{"id":241559,"date":"2024-06-14T20:09:22","date_gmt":"2024-06-14T20:09:22","guid":{"rendered":"https:\/\/taxigo-paris.fr\/?page_id=241559"},"modified":"2024-06-19T14:41:42","modified_gmt":"2024-06-19T14:41:42","slug":"mentions-legales","status":"publish","type":"page","link":"https:\/\/taxigo-paris.fr\/en\/mentions-legales","title":{"rendered":"Legal Notice"},"content":{"rendered":"<p>[et_pb_section fb_built=\u00a0\u00bb1&Prime; _builder_version=\u00a0\u00bb4.25.2&Prime; _module_preset=\u00a0\u00bbdefault\u00a0\u00bb background_color=\u00a0\u00bb#000000&Prime; da_disable_devices=\u00a0\u00bboff|off|off\u00a0\u00bb locked=\u00a0\u00bboff\u00a0\u00bb global_colors_info=\u00a0\u00bb{}\u00a0\u00bb da_is_popup=\u00a0\u00bboff\u00a0\u00bb da_exit_intent=\u00a0\u00bboff\u00a0\u00bb da_has_close=\u00a0\u00bbon\u00a0\u00bb da_alt_close=\u00a0\u00bboff\u00a0\u00bb da_dark_close=\u00a0\u00bboff\u00a0\u00bb da_not_modal=\u00a0\u00bbon\u00a0\u00bb da_is_singular=\u00a0\u00bboff\u00a0\u00bb da_with_loader=\u00a0\u00bboff\u00a0\u00bb da_has_shadow=\u00a0\u00bbon\u00a0\u00bb][et_pb_row _builder_version=\u00a0\u00bb4.25.2&Prime; _module_preset=\u00a0\u00bbdefault\u00a0\u00bb global_colors_info=\u00a0\u00bb{}\u00a0\u00bb][et_pb_column type=\u00a0\u00bb4_4&Prime; _builder_version=\u00a0\u00bb4.25.2&Prime; _module_preset=\u00a0\u00bbdefault\u00a0\u00bb global_colors_info=\u00a0\u00bb{}\u00a0\u00bb][et_pb_text _builder_version=\u00a0\u00bb4.25.2&Prime; _module_preset=\u00a0\u00bbd2c73232-1ef0-4ee8-aa11-df1119aaf8c7&Prime; header_2_font=\u00a0\u00bbFira Sans Condensed|700|||||||\u00a0\u00bb header_2_text_color=\u00a0\u00bb#FFFFFF\u00a0\u00bb text_orientation=\u00a0\u00bbcenter\u00a0\u00bb global_colors_info=\u00a0\u00bb{}\u00a0\u00bb]<\/p>\n<h2>Legal Notice<\/h2>\n<p>[\/et_pb_text][\/et_pb_column][\/et_pb_row][\/et_pb_section][et_pb_section fb_built=\u00a0\u00bb1&Prime; _builder_version=\u00a0\u00bb4.25.2&Prime; _module_preset=\u00a0\u00bbdefault\u00a0\u00bb da_disable_devices=\u00a0\u00bboff|off|off\u00a0\u00bb global_colors_info=\u00a0\u00bb{}\u00a0\u00bb da_is_popup=\u00a0\u00bboff\u00a0\u00bb da_exit_intent=\u00a0\u00bboff\u00a0\u00bb da_has_close=\u00a0\u00bbon\u00a0\u00bb da_alt_close=\u00a0\u00bboff\u00a0\u00bb da_dark_close=\u00a0\u00bboff\u00a0\u00bb da_not_modal=\u00a0\u00bbon\u00a0\u00bb da_is_singular=\u00a0\u00bboff\u00a0\u00bb da_with_loader=\u00a0\u00bboff\u00a0\u00bb da_has_shadow=\u00a0\u00bbon\u00a0\u00bb][et_pb_row _builder_version=\u00a0\u00bb4.25.2&Prime; _module_preset=\u00a0\u00bbdefault\u00a0\u00bb global_colors_info=\u00a0\u00bb{}\u00a0\u00bb][et_pb_column type=\u00a0\u00bb4_4&Prime; _builder_version=\u00a0\u00bb4.25.2&Prime; _module_preset=\u00a0\u00bbdefault\u00a0\u00bb global_colors_info=\u00a0\u00bb{}\u00a0\u00bb][et_pb_text _builder_version=\u00a0\u00bb4.25.2&Prime; _module_preset=\u00a0\u00bbdefault\u00a0\u00bb text_font=\u00a0\u00bbFira Sans Condensed||||||||\u00a0\u00bb text_text_color=\u00a0\u00bb#000000&Prime; global_colors_info=\u00a0\u00bb{}\u00a0\u00bb]<\/p>\n<p style=\"text-align: justify;\">SIRET number (headquarters): 79418548800028<\/p>\n<p style=\"text-align: justify;\">Directeur de la publication : Fares Hadi<br \/><span style=\"font-size: 14px;\">Site host: IONOS Web Host<\/span><\/p>\n<p style=\"text-align: justify;\">Address of the host:<span>\u00a0<\/span><span>7, Place de la Gare,<\/span><span>BP 70109<\/span><br \/><span>57201 Sarreguemines Cedex<\/span><br \/><span>France<\/span><\/p>\n<p style=\"text-align: justify;\"><strong>Intellectual property<\/strong><br \/>The content of this website is protected by copyright and other intellectual property laws. All texts, images, graphics, logos and other elements present on this site are the exclusive property of Jason co or are used with the authorization of their respective owners. Any reproduction, distribution, modification or use of these elements without prior authorization is strictly prohibited.<\/p>\n<p style=\"text-align: justify;\"><strong>Responsibility<\/strong><br \/>The content of this site is provided for informational purposes only. Although we make every effort to ensure the accuracy of the information, we assume no responsibility for any errors or omissions. We cannot be held responsible for damages resulting from the use of the information available on this site.<\/p>\n<p style=\"text-align: justify;\"><strong>external links<\/strong><br \/>This site may contain links to third party websites. We do not endorse the content of these sites and assume no responsibility for their content or their use. The decision to follow a link to a third party site is the sole responsibility of the user.<\/p>\n<p style=\"text-align: justify;\"><strong>Protection of personal data<br \/><\/strong>https:\/\/taxigo-paris.fr\/politique-de-confidentialite<strong><br \/><\/strong><strong><\/strong><\/p>\n<p style=\"text-align: justify;\"><strong>Applicable right<\/strong><br \/>This site is subject to French law. Any dispute relating to its use will be under the exclusive jurisdiction of the French courts.<\/p>\n<p>[\/et_pb_text][\/et_pb_column][\/et_pb_row][\/et_pb_section]<\/p>","protected":false},"excerpt":{"rendered":"<p>Mentions l\u00e9galesNum\u00e9ro SIRET (si\u00e8ge) : 79418548800028 Directeur de la publication : Fares HadiH\u00e9bergeur du site : IONOS H\u00e9bergeur Web Adresse de l\u2019h\u00e9bergeur :\u00a07, place de la Gare,BP 7010957201 Sarreguemines CedexFrance Propri\u00e9t\u00e9 intellectuelleLe contenu de ce site web est prot\u00e9g\u00e9 par le droit d\u2019auteur et d\u2019autres lois relatives \u00e0 la propri\u00e9t\u00e9 intellectuelle. Tous les textes, images, [&hellip;]<\/p>","protected":false},"author":1,"featured_media":0,"parent":0,"menu_order":0,"comment_status":"closed","ping_status":"closed","template":"","meta":{"_et_pb_use_builder":"on","_et_pb_old_content":"","_et_gb_content_width":"","footnotes":""},"class_list":["post-241559","page","type-page","status-publish","hentry"],"yoast_head":"<!-- This site is optimized with the Yoast SEO Premium plugin v22.8 (Yoast SEO v23.9) - https:\/\/yoast.com\/wordpress\/plugins\/seo\/ -->\n<title>Mentions l\u00e9gales - TaxiGo<\/title>\n<meta name=\"robots\" content=\"index, follow, max-snippet:-1, max-image-preview:large, max-video-preview:-1\" \/>\n<link rel=\"canonical\" href=\"http:\/\/taxigo-paris.fr\/en\/mentions-legales\" \/>\n<meta property=\"og:locale\" content=\"en_US\" \/>\n<meta property=\"og:type\" content=\"article\" \/>\n<meta property=\"og:title\" content=\"Mentions l\u00e9gales\" \/>\n<meta property=\"og:description\" content=\"Mentions l\u00e9galesNum\u00e9ro SIRET (si\u00e8ge) : 79418548800028 Directeur de la publication : Fares HadiH\u00e9bergeur du site : IONOS H\u00e9bergeur Web Adresse de l\u2019h\u00e9bergeur :\u00a07, place de la Gare,BP 7010957201 Sarreguemines CedexFrance Propri\u00e9t\u00e9 intellectuelleLe contenu de ce site web est prot\u00e9g\u00e9 par le droit d\u2019auteur et d\u2019autres lois relatives \u00e0 la propri\u00e9t\u00e9 intellectuelle. Tous les textes, images, [&hellip;]\" \/>\n<meta property=\"og:url\" content=\"http:\/\/taxigo-paris.fr\/en\/mentions-legales\" \/>\n<meta property=\"og:site_name\" content=\"TaxiGo\" \/>\n<meta property=\"article:modified_time\" content=\"2024-06-19T14:41:42+00:00\" \/>\n<meta property=\"og:image\" content=\"https:\/\/taxigo-paris.fr\/wp-content\/uploads\/2024\/06\/Yoast.png\" \/>\n\t<meta property=\"og:image:width\" content=\"1200\" \/>\n\t<meta property=\"og:image:height\" content=\"675\" \/>\n\t<meta property=\"og:image:type\" content=\"image\/png\" \/>\n<meta name=\"twitter:card\" content=\"summary_large_image\" \/>\n<meta name=\"twitter:label1\" content=\"Est. reading time\" \/>\n\t<meta name=\"twitter:data1\" content=\"2 minutes\" \/>\n<script type=\"application\/ld+json\" class=\"yoast-schema-graph\">{\"@context\":\"https:\/\/schema.org\",\"@graph\":[{\"@type\":\"WebPage\",\"@id\":\"http:\/\/taxigo-paris.fr\/en\/mentions-legales\",\"url\":\"http:\/\/taxigo-paris.fr\/en\/mentions-legales\",\"name\":\"Mentions l\u00e9gales - TaxiGo\",\"isPartOf\":{\"@id\":\"http:\/\/taxigo-paris.fr\/#website\"},\"datePublished\":\"2024-06-14T20:09:22+00:00\",\"dateModified\":\"2024-06-19T14:41:42+00:00\",\"breadcrumb\":{\"@id\":\"http:\/\/taxigo-paris.fr\/en\/mentions-legales#breadcrumb\"},\"inLanguage\":\"en-US\",\"potentialAction\":[{\"@type\":\"ReadAction\",\"target\":[\"http:\/\/taxigo-paris.fr\/en\/mentions-legales\"]}]},{\"@type\":\"BreadcrumbList\",\"@id\":\"http:\/\/taxigo-paris.fr\/en\/mentions-legales#breadcrumb\",\"itemListElement\":[{\"@type\":\"ListItem\",\"position\":1,\"name\":\"Accueil\",\"item\":\"http:\/\/taxigo-paris.fr\/\"},{\"@type\":\"ListItem\",\"position\":2,\"name\":\"Mentions l\u00e9gales\"}]},{\"@type\":\"WebSite\",\"@id\":\"http:\/\/taxigo-paris.fr\/#website\",\"url\":\"http:\/\/taxigo-paris.fr\/\",\"name\":\"TaxiGO\",\"description\":\"Votre trajet parfait en Mercedes Classe V\",\"publisher\":{\"@id\":\"http:\/\/taxigo-paris.fr\/#organization\"},\"potentialAction\":[{\"@type\":\"SearchAction\",\"target\":{\"@type\":\"EntryPoint\",\"urlTemplate\":\"http:\/\/taxigo-paris.fr\/?s={search_term_string}\"},\"query-input\":{\"@type\":\"PropertyValueSpecification\",\"valueRequired\":true,\"valueName\":\"search_term_string\"}}],\"inLanguage\":\"en-US\"},{\"@type\":\"Organization\",\"@id\":\"http:\/\/taxigo-paris.fr\/#organization\",\"name\":\"TaxiGO\",\"url\":\"http:\/\/taxigo-paris.fr\/\",\"logo\":{\"@type\":\"ImageObject\",\"inLanguage\":\"en-US\",\"@id\":\"http:\/\/taxigo-paris.fr\/#\/schema\/logo\/image\/\",\"url\":\"http:\/\/taxigo-paris.fr\/wp-content\/uploads\/2024\/06\/cropped-logo-TaxiGO.png\",\"contentUrl\":\"http:\/\/taxigo-paris.fr\/wp-content\/uploads\/2024\/06\/cropped-logo-TaxiGO.png\",\"width\":512,\"height\":512,\"caption\":\"TaxiGO\"},\"image\":{\"@id\":\"http:\/\/taxigo-paris.fr\/#\/schema\/logo\/image\/\"},\"sameAs\":[\"https:\/\/www.instagram.com\/les_taxis_abel_?igsh=dzVnajJ6dTF1OGNo&utm_source=qr\"],\"description\":\"TaxiGO est une entreprise de transport de personnes sp\u00e9cialis\u00e9e dans les services de r\u00e9servation de taxis haut de gamme. Bas\u00e9e sur l'utilisation de Mercedes Classe V, TaxiGO offre une exp\u00e9rience de voyage incomparable, alliant confort, s\u00e9curit\u00e9 et \u00e9l\u00e9gance. Notre mission est de fournir un service de transport fiable et luxueux, adapt\u00e9 aux besoins de nos clients les plus exigeants. Que ce soit pour des trajets d\u2019affaires, des transferts a\u00e9roportuaires ou des sorties en famille, TaxiGO garantit un voyage sans stress avec des chauffeurs professionnels et courtois, et des v\u00e9hicules toujours impeccables. Avec TaxiGO, chaque d\u00e9placement devient un moment de plaisir et de s\u00e9r\u00e9nit\u00e9.\",\"email\":\"Resa.taxigo@gmail.com\",\"telephone\":\"+33641220956\",\"vatID\":\"FR87794185488\",\"taxID\":\"79418548800028\",\"numberOfEmployees\":{\"@type\":\"QuantitativeValue\",\"minValue\":\"1\",\"maxValue\":\"10\"},\"publishingPrinciples\":\"http:\/\/taxigo-paris.fr\/\",\"ownershipFundingInfo\":\"http:\/\/taxigo-paris.fr\/\",\"actionableFeedbackPolicy\":\"http:\/\/taxigo-paris.fr\/politique-de-confidentialite\"}]}<\/script>\n<!-- \/ Yoast SEO Premium plugin. -->","yoast_head_json":{"title":"Mentions l\u00e9gales - TaxiGo","robots":{"index":"index","follow":"follow","max-snippet":"max-snippet:-1","max-image-preview":"max-image-preview:large","max-video-preview":"max-video-preview:-1"},"canonical":"http:\/\/taxigo-paris.fr\/en\/mentions-legales","og_locale":"en_US","og_type":"article","og_title":"Mentions l\u00e9gales","og_description":"Mentions l\u00e9galesNum\u00e9ro SIRET (si\u00e8ge) : 79418548800028 Directeur de la publication : Fares HadiH\u00e9bergeur du site : IONOS H\u00e9bergeur Web Adresse de l\u2019h\u00e9bergeur :\u00a07, place de la Gare,BP 7010957201 Sarreguemines CedexFrance Propri\u00e9t\u00e9 intellectuelleLe contenu de ce site web est prot\u00e9g\u00e9 par le droit d\u2019auteur et d\u2019autres lois relatives \u00e0 la propri\u00e9t\u00e9 intellectuelle. Tous les textes, images, [&hellip;]","og_url":"http:\/\/taxigo-paris.fr\/en\/mentions-legales","og_site_name":"TaxiGo","article_modified_time":"2024-06-19T14:41:42+00:00","og_image":[{"width":1200,"height":675,"url":"https:\/\/taxigo-paris.fr\/wp-content\/uploads\/2024\/06\/Yoast.png","type":"image\/png"}],"twitter_card":"summary_large_image","twitter_misc":{"Est. reading time":"2 minutes"},"schema":{"@context":"https:\/\/schema.org","@graph":[{"@type":"WebPage","@id":"http:\/\/taxigo-paris.fr\/en\/mentions-legales","url":"http:\/\/taxigo-paris.fr\/en\/mentions-legales","name":"Mentions l\u00e9gales - TaxiGo","isPartOf":{"@id":"http:\/\/taxigo-paris.fr\/#website"},"datePublished":"2024-06-14T20:09:22+00:00","dateModified":"2024-06-19T14:41:42+00:00","breadcrumb":{"@id":"http:\/\/taxigo-paris.fr\/en\/mentions-legales#breadcrumb"},"inLanguage":"en-US","potentialAction":[{"@type":"ReadAction","target":["http:\/\/taxigo-paris.fr\/en\/mentions-legales"]}]},{"@type":"BreadcrumbList","@id":"http:\/\/taxigo-paris.fr\/en\/mentions-legales#breadcrumb","itemListElement":[{"@type":"ListItem","position":1,"name":"Accueil","item":"http:\/\/taxigo-paris.fr\/"},{"@type":"ListItem","position":2,"name":"Mentions l\u00e9gales"}]},{"@type":"WebSite","@id":"http:\/\/taxigo-paris.fr\/#website","url":"http:\/\/taxigo-paris.fr\/","name":"TaxiGO","description":"Votre trajet parfait en Mercedes Classe V","publisher":{"@id":"http:\/\/taxigo-paris.fr\/#organization"},"potentialAction":[{"@type":"SearchAction","target":{"@type":"EntryPoint","urlTemplate":"http:\/\/taxigo-paris.fr\/?s={search_term_string}"},"query-input":{"@type":"PropertyValueSpecification","valueRequired":true,"valueName":"search_term_string"}}],"inLanguage":"en-US"},{"@type":"Organization","@id":"http:\/\/taxigo-paris.fr\/#organization","name":"TaxiGO","url":"http:\/\/taxigo-paris.fr\/","logo":{"@type":"ImageObject","inLanguage":"en-US","@id":"http:\/\/taxigo-paris.fr\/#\/schema\/logo\/image\/","url":"http:\/\/taxigo-paris.fr\/wp-content\/uploads\/2024\/06\/cropped-logo-TaxiGO.png","contentUrl":"http:\/\/taxigo-paris.fr\/wp-content\/uploads\/2024\/06\/cropped-logo-TaxiGO.png","width":512,"height":512,"caption":"TaxiGO"},"image":{"@id":"http:\/\/taxigo-paris.fr\/#\/schema\/logo\/image\/"},"sameAs":["https:\/\/www.instagram.com\/les_taxis_abel_?igsh=dzVnajJ6dTF1OGNo&utm_source=qr"],"description":"TaxiGO est une entreprise de transport de personnes sp\u00e9cialis\u00e9e dans les services de r\u00e9servation de taxis haut de gamme. Bas\u00e9e sur l'utilisation de Mercedes Classe V, TaxiGO offre une exp\u00e9rience de voyage incomparable, alliant confort, s\u00e9curit\u00e9 et \u00e9l\u00e9gance. Notre mission est de fournir un service de transport fiable et luxueux, adapt\u00e9 aux besoins de nos clients les plus exigeants. Que ce soit pour des trajets d\u2019affaires, des transferts a\u00e9roportuaires ou des sorties en famille, TaxiGO garantit un voyage sans stress avec des chauffeurs professionnels et courtois, et des v\u00e9hicules toujours impeccables. Avec TaxiGO, chaque d\u00e9placement devient un moment de plaisir et de s\u00e9r\u00e9nit\u00e9.","email":"Resa.taxigo@gmail.com","telephone":"+33641220956","vatID":"FR87794185488","taxID":"79418548800028","numberOfEmployees":{"@type":"QuantitativeValue","minValue":"1","maxValue":"10"},"publishingPrinciples":"http:\/\/taxigo-paris.fr\/","ownershipFundingInfo":"http:\/\/taxigo-paris.fr\/","actionableFeedbackPolicy":"http:\/\/taxigo-paris.fr\/politique-de-confidentialite"}]}},"_links":{"self":[{"href":"https:\/\/taxigo-paris.fr\/en\/wp-json\/wp\/v2\/pages\/241559","targetHints":{"allow":["GET"]}}],"collection":[{"href":"https:\/\/taxigo-paris.fr\/en\/wp-json\/wp\/v2\/pages"}],"about":[{"href":"https:\/\/taxigo-paris.fr\/en\/wp-json\/wp\/v2\/types\/page"}],"author":[{"embeddable":true,"href":"https:\/\/taxigo-paris.fr\/en\/wp-json\/wp\/v2\/users\/1"}],"replies":[{"embeddable":true,"href":"https:\/\/taxigo-paris.fr\/en\/wp-json\/wp\/v2\/comments?post=241559"}],"version-history":[{"count":0,"href":"https:\/\/taxigo-paris.fr\/en\/wp-json\/wp\/v2\/pages\/241559\/revisions"}],"wp:attachment":[{"href":"https:\/\/taxigo-paris.fr\/en\/wp-json\/wp\/v2\/media?parent=241559"}],"curies":[{"name":"wp","href":"https:\/\/api.w.org\/{rel}","templated":true}]}}