{"id":241605,"date":"2024-06-15T01:41:43","date_gmt":"2024-06-15T01:41:43","guid":{"rendered":"https:\/\/taxigo-paris.fr\/?page_id=241605"},"modified":"2025-02-11T11:56:24","modified_gmt":"2025-02-11T11:56:24","slug":"reservation-taxi-paris","status":"publish","type":"page","link":"https:\/\/taxigo-paris.fr\/en\/reservation-taxi-paris","title":{"rendered":"Book your taxi"},"content":{"rendered":"<p>[et_pb_section fb_built=\u00a0\u00bb1&Prime; _builder_version=\u00a0\u00bb4.25.2&Prime; _module_preset=\u00a0\u00bbdefault\u00a0\u00bb background_color=\u00a0\u00bb#000000&Prime; da_disable_devices=\u00a0\u00bboff|off|off\u00a0\u00bb locked=\u00a0\u00bboff\u00a0\u00bb global_colors_info=\u00a0\u00bb{}\u00a0\u00bb da_is_popup=\u00a0\u00bboff\u00a0\u00bb da_exit_intent=\u00a0\u00bboff\u00a0\u00bb da_has_close=\u00a0\u00bbon\u00a0\u00bb da_alt_close=\u00a0\u00bboff\u00a0\u00bb da_dark_close=\u00a0\u00bboff\u00a0\u00bb da_not_modal=\u00a0\u00bbon\u00a0\u00bb da_is_singular=\u00a0\u00bboff\u00a0\u00bb da_with_loader=\u00a0\u00bboff\u00a0\u00bb da_has_shadow=\u00a0\u00bbon\u00a0\u00bb][et_pb_row _builder_version=\u00a0\u00bb4.25.2&Prime; _module_preset=\u00a0\u00bbdefault\u00a0\u00bb global_colors_info=\u00a0\u00bb{}\u00a0\u00bb][et_pb_column type=\u00a0\u00bb4_4&Prime; _builder_version=\u00a0\u00bb4.25.2&Prime; _module_preset=\u00a0\u00bbdefault\u00a0\u00bb global_colors_info=\u00a0\u00bb{}\u00a0\u00bb][et_pb_text _builder_version=\u00a0\u00bb4.25.2&Prime; _module_preset=\u00a0\u00bbd2c73232-1ef0-4ee8-aa11-df1119aaf8c7&Prime; header_2_font=\u00a0\u00bbFira Sans Condensed|700|||||||\u00a0\u00bb header_2_text_color=\u00a0\u00bb#FFFFFF\u00a0\u00bb text_orientation=\u00a0\u00bbcenter\u00a0\u00bb hover_enabled=\u00a0\u00bb0&Prime; global_colors_info=\u00a0\u00bb{}\u00a0\u00bb header_font=\u00a0\u00bbFira Sans Condensed|700||on|||||\u00a0\u00bb header_text_color=\u00a0\u00bb#FFFFFF\u00a0\u00bb sticky_enabled=\u00a0\u00bb0&Prime;]<\/p>\n<h1>Book your taxi<\/h1>\n<h3><\/h3>\n<p>[\/et_pb_text][\/et_pb_column][\/et_pb_row][\/et_pb_section][et_pb_section fb_built=\u00a0\u00bb1&Prime; _builder_version=\u00a0\u00bb4.25.2&Prime; _module_preset=\u00a0\u00bbdefault\u00a0\u00bb custom_padding=\u00a0\u00bb||0px|||\u00a0\u00bb da_disable_devices=\u00a0\u00bboff|off|off\u00a0\u00bb global_colors_info=\u00a0\u00bb{}\u00a0\u00bb da_is_popup=\u00a0\u00bboff\u00a0\u00bb da_exit_intent=\u00a0\u00bboff\u00a0\u00bb da_has_close=\u00a0\u00bbon\u00a0\u00bb da_alt_close=\u00a0\u00bboff\u00a0\u00bb da_dark_close=\u00a0\u00bboff\u00a0\u00bb da_not_modal=\u00a0\u00bbon\u00a0\u00bb da_is_singular=\u00a0\u00bboff\u00a0\u00bb da_with_loader=\u00a0\u00bboff\u00a0\u00bb da_has_shadow=\u00a0\u00bbon\u00a0\u00bb][et_pb_row _builder_version=\u00a0\u00bb4.20.0&Prime; _module_preset=\u00a0\u00bbdefault\u00a0\u00bb max_width=\u00a0\u00bb700px\u00a0\u00bb module_alignment=\u00a0\u00bbcenter\u00a0\u00bb custom_padding=\u00a0\u00bb||0px|||\u00a0\u00bb locked=\u00a0\u00bboff\u00a0\u00bb global_colors_info=\u00a0\u00bb{}\u00a0\u00bb][et_pb_column type=\u00a0\u00bb4_4&Prime; _builder_version=\u00a0\u00bb4.20.0&Prime; _module_preset=\u00a0\u00bbdefault\u00a0\u00bb global_colors_info=\u00a0\u00bb{}\u00a0\u00bb][et_pb_text _builder_version=\u00a0\u00bb4.25.2&Prime; _module_preset=\u00a0\u00bb0f83386d-340c-466b-8621-01dc51cf4ef2&Prime; header_2_font=\u00a0\u00bbRed Hat Display|700||on|||||\u00a0\u00bb header_2_font_size=\u00a0\u00bb14px\u00a0\u00bb header_2_letter_spacing=\u00a0\u00bb2px\u00a0\u00bb header_2_line_height=\u00a0\u00bb1.4em\u00a0\u00bb header_4_text_color=\u00a0\u00bbgcid-8cdb4e16-0e89-4c38-b30b-9fe41127e3f5&Prime; text_orientation=\u00a0\u00bbcenter\u00a0\u00bb global_colors_info=\u00a0\u00bb{%22gcid-8cdb4e16-0e89-4c38-b30b-9fe41127e3f5%22:%91%22header_4_text_color%22%93}\u00a0\u00bb]<\/p>\n<h2>Book your taxi in Paris in just a few clicks<\/h2>\n<p>[\/et_pb_text][et_pb_text _builder_version=\u00a0\u00bb4.25.2&Prime; _module_preset=\u00a0\u00bbd2c73232-1ef0-4ee8-aa11-df1119aaf8c7&Prime; header_2_font=\u00a0\u00bbFira Sans Condensed|700|||||||\u00a0\u00bb header_2_text_color=\u00a0\u00bb#000000&Prime; header_3_font=\u00a0\u00bbFira Sans Condensed|700||on|||||\u00a0\u00bb header_3_text_color=\u00a0\u00bb#000000&Prime; header_3_font_size=\u00a0\u00bb40px\u00a0\u00bb header_3_line_height=\u00a0\u00bb1.4em\u00a0\u00bb text_orientation=\u00a0\u00bbcenter\u00a0\u00bb hover_enabled=\u00a0\u00bb0&Prime; global_colors_info=\u00a0\u00bb{}\u00a0\u00bb sticky_enabled=\u00a0\u00bb0&Prime;]<\/p>\n<h3>Quick Booking Form<\/h3>\n<p>[\/et_pb_text][et_pb_text _builder_version=\u00a0\u00bb4.25.2&Prime; _module_preset=\u00a0\u00bb49b4f55e-8847-4c28-a803-7ea9d7678e4b\u00a0\u00bb text_font=\u00a0\u00bbFira Sans Condensed||||||||\u00a0\u00bb text_text_color=\u00a0\u00bb#000000&Prime; text_font_size=\u00a0\u00bb14px\u00a0\u00bb locked=\u00a0\u00bboff\u00a0\u00bb global_colors_info=\u00a0\u00bb{}\u00a0\u00bb]<\/p>\n<p style=\"text-align: center;\">Book your Taxi in Paris using our booking form. It allows you to book your taxi in just a few minutes. Select the service you need, enter your personal and departure information, then confirm your booking.<\/p>\n<p>&nbsp;<\/p>\n<p>[\/et_pb_text][\/et_pb_column][\/et_pb_row][\/et_pb_section][et_pb_section fb_built=\u00a0\u00bb1&Prime; _builder_version=\u00a0\u00bb4.25.2&Prime; _module_preset=\u00a0\u00bbdefault\u00a0\u00bb background_color=\u00a0\u00bbRGBA(255,255,255,0)\u00a0\u00bb custom_padding=\u00a0\u00bb||4px|||\u00a0\u00bb da_disable_devices=\u00a0\u00bboff|off|off\u00a0\u00bb global_colors_info=\u00a0\u00bb{}\u00a0\u00bb da_is_popup=\u00a0\u00bboff\u00a0\u00bb da_exit_intent=\u00a0\u00bboff\u00a0\u00bb da_has_close=\u00a0\u00bbon\u00a0\u00bb da_alt_close=\u00a0\u00bboff\u00a0\u00bb da_dark_close=\u00a0\u00bboff\u00a0\u00bb da_not_modal=\u00a0\u00bbon\u00a0\u00bb da_is_singular=\u00a0\u00bboff\u00a0\u00bb da_with_loader=\u00a0\u00bboff\u00a0\u00bb da_has_shadow=\u00a0\u00bbon\u00a0\u00bb][et_pb_row _builder_version=\u00a0\u00bb4.25.2&Prime; _module_preset=\u00a0\u00bbdefault\u00a0\u00bb background_color=\u00a0\u00bbRGBA(255,255,255,0)\u00a0\u00bb global_colors_info=\u00a0\u00bb{}\u00a0\u00bb][et_pb_column type=\u00a0\u00bb4_4&Prime; _builder_version=\u00a0\u00bb4.25.2&Prime; _module_preset=\u00a0\u00bbdefault\u00a0\u00bb global_colors_info=\u00a0\u00bb{}\u00a0\u00bb][et_pb_code _builder_version=\u00a0\u00bb4.25.2&Prime; _module_preset=\u00a0\u00bbdefault\u00a0\u00bb global_colors_info=\u00a0\u00bb{}\u00a0\u00bb][formidable id=2][\/et_pb_code][\/et_pb_column][\/et_pb_row][\/et_pb_section][et_pb_section fb_built=\u00a0\u00bb1&Prime; _builder_version=\u00a0\u00bb4.25.2&Prime; _module_preset=\u00a0\u00bbdefault\u00a0\u00bb da_disable_devices=\u00a0\u00bboff|off|off\u00a0\u00bb global_colors_info=\u00a0\u00bb{}\u00a0\u00bb da_is_popup=\u00a0\u00bboff\u00a0\u00bb da_exit_intent=\u00a0\u00bboff\u00a0\u00bb da_has_close=\u00a0\u00bbon\u00a0\u00bb da_alt_close=\u00a0\u00bboff\u00a0\u00bb da_dark_close=\u00a0\u00bboff\u00a0\u00bb da_not_modal=\u00a0\u00bbon\u00a0\u00bb da_is_singular=\u00a0\u00bboff\u00a0\u00bb da_with_loader=\u00a0\u00bboff\u00a0\u00bb da_has_shadow=\u00a0\u00bbon\u00a0\u00bb][et_pb_row column_structure=\u00a0\u00bb1_2,1_2&Prime; _builder_version=\u00a0\u00bb4.25.2&Prime; _module_preset=\u00a0\u00bbdefault\u00a0\u00bb custom_padding=\u00a0\u00bb||0px|||\u00a0\u00bb global_colors_info=\u00a0\u00bb{}\u00a0\u00bb][et_pb_column type=\u00a0\u00bb1_2&Prime; _builder_version=\u00a0\u00bb4.25.2&Prime; _module_preset=\u00a0\u00bbdefault\u00a0\u00bb global_colors_info=\u00a0\u00bb{}\u00a0\u00bb][et_pb_text _builder_version=\u00a0\u00bb4.25.2&Prime; _module_preset=\u00a0\u00bbd2c73232-1ef0-4ee8-aa11-df1119aaf8c7&Prime; header_2_font=\u00a0\u00bbFira Sans Condensed|700|||||||\u00a0\u00bb header_2_text_color=\u00a0\u00bb#000000&Prime; header_3_font=\u00a0\u00bbFira Sans Condensed|700||on|||||\u00a0\u00bb header_3_text_color=\u00a0\u00bb#000000&Prime; header_3_font_size=\u00a0\u00bb40px\u00a0\u00bb header_3_line_height=\u00a0\u00bb1.4em\u00a0\u00bb text_orientation=\u00a0\u00bbcenter\u00a0\u00bb locked=\u00a0\u00bboff\u00a0\u00bb global_colors_info=\u00a0\u00bb{}\u00a0\u00bb]<\/p>\n<h3 style=\"text-align: left;\">Need help or additional information?<\/h3>\n<p>[\/et_pb_text][et_pb_text _builder_version=\u00a0\u00bb4.25.2&Prime; _module_preset=\u00a0\u00bb49b4f55e-8847-4c28-a803-7ea9d7678e4b\u00a0\u00bb text_font=\u00a0\u00bbFira Sans Condensed||||||||\u00a0\u00bb text_text_color=\u00a0\u00bb#000000&Prime; text_font_size=\u00a0\u00bb14px\u00a0\u00bb locked=\u00a0\u00bboff\u00a0\u00bb global_colors_info=\u00a0\u00bb{}\u00a0\u00bb]<\/p>\n<p style=\"text-align: justify;\">If you have any questions regarding your booking or would like more details about our services, please do not hesitate to contact us. Our team is available to assist you every step of the way.<\/p>\n<p style=\"text-align: justify;\"><a href=\"https:\/\/taxigo-paris.fr\/en\/contact-reservation-taxi-paris\/\">Contact us<\/a> for any request or additional information. You will be redirected to our contact page where you can send us a message or find our contact details.<\/p>\n<p>&nbsp;<\/p>\n<p>[\/et_pb_text][\/et_pb_column][et_pb_column type=\u00a0\u00bb1_2&Prime; _builder_version=\u00a0\u00bb4.25.2&Prime; _module_preset=\u00a0\u00bbdefault\u00a0\u00bb global_colors_info=\u00a0\u00bb{}\u00a0\u00bb][et_pb_image src=\u00a0\u00bbhttps:\/\/taxigo-paris.fr\/wp-content\/uploads\/2024\/06\/pngegg-2.png\u00a0\u00bb title_text=\u00a0\u00bbpngegg (2)\u00a0\u00bb align=\u00a0\u00bbright\u00a0\u00bb _builder_version=\u00a0\u00bb4.25.2&Prime; _module_preset=\u00a0\u00bbdefault\u00a0\u00bb transform_scale=\u00a0\u00bb171%|171%\u00a0\u00bb transform_translate=\u00a0\u00bb67px|53px\u00a0\u00bb transform_origin=\u00a0\u00bb-66%|40%\u00a0\u00bb width=\u00a0\u00bb85%\u00a0\u00bb custom_margin=\u00a0\u00bb|0px|||false|false\u00a0\u00bb custom_margin_last_edited=\u00a0\u00bboff|desktop\u00a0\u00bb custom_padding=\u00a0\u00bb|||0px|false|false\u00a0\u00bb scroll_horizontal_motion_enable=\u00a0\u00bbon\u00a0\u00bb scroll_horizontal_motion=\u00a0\u00bb0|11|11|100|0|0|-2&Prime; locked=\u00a0\u00bboff\u00a0\u00bb global_colors_info=\u00a0\u00bb{}\u00a0\u00bb][\/et_pb_image][\/et_pb_column][\/et_pb_row][\/et_pb_section]<\/p>","protected":false},"excerpt":{"rendered":"<p>R\u00c9SERVEZ VOTRE TAXI R\u00e9servez votre taxi \u00e0 Paris en quelques clicsFormulaire de r\u00e9servation rapideR\u00e9servez votre Taxi \u00e0 Paris gr\u00e2ce \u00e0 notre formulaire de r\u00e9servation. Il vous permet de r\u00e9server votre taxi en quelques minutes. S\u00e9lectionnez le service dont vous avez besoin, entrez vos informations personnelles et de d\u00e9part, puis confirmez votre r\u00e9servation. &nbsp;[formidable id=2]Besoin d&rsquo;aide [&hellip;]<\/p>","protected":false},"author":1,"featured_media":0,"parent":0,"menu_order":0,"comment_status":"closed","ping_status":"closed","template":"","meta":{"_et_pb_use_builder":"on","_et_pb_old_content":"","_et_gb_content_width":"","footnotes":""},"class_list":["post-241605","page","type-page","status-publish","hentry"],"yoast_head":"<!-- This site is optimized with the Yoast SEO Premium plugin v22.8 (Yoast SEO v23.9) - https:\/\/yoast.com\/wordpress\/plugins\/seo\/ -->\n<title>R\u00e9servez votre Taxi Paris - Transfert A\u00e9roport Premium<\/title>\n<meta name=\"description\" content=\"R\u00e9servez facilement votre taxi \u00e0 Paris pour un transfert a\u00e9roport ou un trajet longue distance. Profitez d&#039;un service premium avec TaxiGO.\" \/>\n<meta name=\"robots\" content=\"index, follow, max-snippet:-1, max-image-preview:large, max-video-preview:-1\" \/>\n<link rel=\"canonical\" href=\"https:\/\/taxigo-paris.fr\/en\/reservation-taxi-paris\/\" \/>\n<meta property=\"og:locale\" content=\"en_US\" \/>\n<meta property=\"og:type\" content=\"article\" \/>\n<meta property=\"og:title\" content=\"R\u00e9servez votre taxi\" \/>\n<meta property=\"og:description\" content=\"R\u00e9servez facilement votre taxi \u00e0 Paris pour un transfert a\u00e9roport ou un trajet longue distance. Profitez d&#039;un service premium avec TaxiGO.\" \/>\n<meta property=\"og:url\" content=\"https:\/\/taxigo-paris.fr\/en\/reservation-taxi-paris\/\" \/>\n<meta property=\"og:site_name\" content=\"TaxiGo\" \/>\n<meta property=\"article:modified_time\" content=\"2025-02-11T11:56:24+00:00\" \/>\n<meta property=\"og:image\" content=\"https:\/\/taxigo-paris.fr\/wp-content\/uploads\/2024\/06\/Yoast.png\" \/>\n\t<meta property=\"og:image:width\" content=\"1200\" \/>\n\t<meta property=\"og:image:height\" content=\"675\" \/>\n\t<meta property=\"og:image:type\" content=\"image\/png\" \/>\n<meta name=\"twitter:card\" content=\"summary_large_image\" \/>\n<meta name=\"twitter:label1\" content=\"Est. reading time\" \/>\n\t<meta name=\"twitter:data1\" content=\"1 minute\" \/>\n<script type=\"application\/ld+json\" class=\"yoast-schema-graph\">{\"@context\":\"https:\/\/schema.org\",\"@graph\":[{\"@type\":\"WebPage\",\"@id\":\"https:\/\/taxigo-paris.fr\/reservation-taxi-paris\",\"url\":\"https:\/\/taxigo-paris.fr\/reservation-taxi-paris\",\"name\":\"R\u00e9servez votre Taxi Paris - Transfert A\u00e9roport Premium\",\"isPartOf\":{\"@id\":\"http:\/\/taxigo-paris.fr\/#website\"},\"datePublished\":\"2024-06-15T01:41:43+00:00\",\"dateModified\":\"2025-02-11T11:56:24+00:00\",\"description\":\"R\u00e9servez facilement votre taxi \u00e0 Paris pour un transfert a\u00e9roport ou un trajet longue distance. Profitez d'un service premium avec TaxiGO.\",\"breadcrumb\":{\"@id\":\"https:\/\/taxigo-paris.fr\/reservation-taxi-paris#breadcrumb\"},\"inLanguage\":\"en-US\",\"potentialAction\":[{\"@type\":\"ReadAction\",\"target\":[\"https:\/\/taxigo-paris.fr\/reservation-taxi-paris\"]}]},{\"@type\":\"BreadcrumbList\",\"@id\":\"https:\/\/taxigo-paris.fr\/reservation-taxi-paris#breadcrumb\",\"itemListElement\":[{\"@type\":\"ListItem\",\"position\":1,\"name\":\"Accueil\",\"item\":\"http:\/\/taxigo-paris.fr\/\"},{\"@type\":\"ListItem\",\"position\":2,\"name\":\"R\u00e9servez votre taxi\"}]},{\"@type\":\"WebSite\",\"@id\":\"http:\/\/taxigo-paris.fr\/#website\",\"url\":\"http:\/\/taxigo-paris.fr\/\",\"name\":\"TaxiGO\",\"description\":\"Votre trajet parfait en Mercedes Classe V\",\"publisher\":{\"@id\":\"http:\/\/taxigo-paris.fr\/#organization\"},\"potentialAction\":[{\"@type\":\"SearchAction\",\"target\":{\"@type\":\"EntryPoint\",\"urlTemplate\":\"http:\/\/taxigo-paris.fr\/?s={search_term_string}\"},\"query-input\":{\"@type\":\"PropertyValueSpecification\",\"valueRequired\":true,\"valueName\":\"search_term_string\"}}],\"inLanguage\":\"en-US\"},{\"@type\":\"Organization\",\"@id\":\"http:\/\/taxigo-paris.fr\/#organization\",\"name\":\"TaxiGO\",\"url\":\"http:\/\/taxigo-paris.fr\/\",\"logo\":{\"@type\":\"ImageObject\",\"inLanguage\":\"en-US\",\"@id\":\"http:\/\/taxigo-paris.fr\/#\/schema\/logo\/image\/\",\"url\":\"http:\/\/taxigo-paris.fr\/wp-content\/uploads\/2024\/06\/cropped-logo-TaxiGO.png\",\"contentUrl\":\"http:\/\/taxigo-paris.fr\/wp-content\/uploads\/2024\/06\/cropped-logo-TaxiGO.png\",\"width\":512,\"height\":512,\"caption\":\"TaxiGO\"},\"image\":{\"@id\":\"http:\/\/taxigo-paris.fr\/#\/schema\/logo\/image\/\"},\"sameAs\":[\"https:\/\/www.instagram.com\/les_taxis_abel_?igsh=dzVnajJ6dTF1OGNo&utm_source=qr\"],\"description\":\"TaxiGO est une entreprise de transport de personnes sp\u00e9cialis\u00e9e dans les services de r\u00e9servation de taxis haut de gamme. Bas\u00e9e sur l'utilisation de Mercedes Classe V, TaxiGO offre une exp\u00e9rience de voyage incomparable, alliant confort, s\u00e9curit\u00e9 et \u00e9l\u00e9gance. Notre mission est de fournir un service de transport fiable et luxueux, adapt\u00e9 aux besoins de nos clients les plus exigeants. Que ce soit pour des trajets d\u2019affaires, des transferts a\u00e9roportuaires ou des sorties en famille, TaxiGO garantit un voyage sans stress avec des chauffeurs professionnels et courtois, et des v\u00e9hicules toujours impeccables. Avec TaxiGO, chaque d\u00e9placement devient un moment de plaisir et de s\u00e9r\u00e9nit\u00e9.\",\"email\":\"Resa.taxigo@gmail.com\",\"telephone\":\"+33641220956\",\"vatID\":\"FR87794185488\",\"taxID\":\"79418548800028\",\"numberOfEmployees\":{\"@type\":\"QuantitativeValue\",\"minValue\":\"1\",\"maxValue\":\"10\"},\"publishingPrinciples\":\"http:\/\/taxigo-paris.fr\/\",\"ownershipFundingInfo\":\"http:\/\/taxigo-paris.fr\/\",\"actionableFeedbackPolicy\":\"http:\/\/taxigo-paris.fr\/politique-de-confidentialite\"}]}<\/script>\n<!-- \/ Yoast SEO Premium plugin. -->","yoast_head_json":{"title":"R\u00e9servez votre Taxi Paris - Transfert A\u00e9roport Premium","description":"R\u00e9servez facilement votre taxi \u00e0 Paris pour un transfert a\u00e9roport ou un trajet longue distance. Profitez d'un service premium avec TaxiGO.","robots":{"index":"index","follow":"follow","max-snippet":"max-snippet:-1","max-image-preview":"max-image-preview:large","max-video-preview":"max-video-preview:-1"},"canonical":"https:\/\/taxigo-paris.fr\/en\/reservation-taxi-paris\/","og_locale":"en_US","og_type":"article","og_title":"R\u00e9servez votre taxi","og_description":"R\u00e9servez facilement votre taxi \u00e0 Paris pour un transfert a\u00e9roport ou un trajet longue distance. Profitez d'un service premium avec TaxiGO.","og_url":"https:\/\/taxigo-paris.fr\/en\/reservation-taxi-paris\/","og_site_name":"TaxiGo","article_modified_time":"2025-02-11T11:56:24+00:00","og_image":[{"width":1200,"height":675,"url":"https:\/\/taxigo-paris.fr\/wp-content\/uploads\/2024\/06\/Yoast.png","type":"image\/png"}],"twitter_card":"summary_large_image","twitter_misc":{"Est. reading time":"1 minute"},"schema":{"@context":"https:\/\/schema.org","@graph":[{"@type":"WebPage","@id":"https:\/\/taxigo-paris.fr\/reservation-taxi-paris","url":"https:\/\/taxigo-paris.fr\/reservation-taxi-paris","name":"R\u00e9servez votre Taxi Paris - Transfert A\u00e9roport Premium","isPartOf":{"@id":"http:\/\/taxigo-paris.fr\/#website"},"datePublished":"2024-06-15T01:41:43+00:00","dateModified":"2025-02-11T11:56:24+00:00","description":"R\u00e9servez facilement votre taxi \u00e0 Paris pour un transfert a\u00e9roport ou un trajet longue distance. Profitez d'un service premium avec TaxiGO.","breadcrumb":{"@id":"https:\/\/taxigo-paris.fr\/reservation-taxi-paris#breadcrumb"},"inLanguage":"en-US","potentialAction":[{"@type":"ReadAction","target":["https:\/\/taxigo-paris.fr\/reservation-taxi-paris"]}]},{"@type":"BreadcrumbList","@id":"https:\/\/taxigo-paris.fr\/reservation-taxi-paris#breadcrumb","itemListElement":[{"@type":"ListItem","position":1,"name":"Accueil","item":"http:\/\/taxigo-paris.fr\/"},{"@type":"ListItem","position":2,"name":"R\u00e9servez votre taxi"}]},{"@type":"WebSite","@id":"http:\/\/taxigo-paris.fr\/#website","url":"http:\/\/taxigo-paris.fr\/","name":"TaxiGO","description":"Votre trajet parfait en Mercedes Classe V","publisher":{"@id":"http:\/\/taxigo-paris.fr\/#organization"},"potentialAction":[{"@type":"SearchAction","target":{"@type":"EntryPoint","urlTemplate":"http:\/\/taxigo-paris.fr\/?s={search_term_string}"},"query-input":{"@type":"PropertyValueSpecification","valueRequired":true,"valueName":"search_term_string"}}],"inLanguage":"en-US"},{"@type":"Organization","@id":"http:\/\/taxigo-paris.fr\/#organization","name":"TaxiGO","url":"http:\/\/taxigo-paris.fr\/","logo":{"@type":"ImageObject","inLanguage":"en-US","@id":"http:\/\/taxigo-paris.fr\/#\/schema\/logo\/image\/","url":"http:\/\/taxigo-paris.fr\/wp-content\/uploads\/2024\/06\/cropped-logo-TaxiGO.png","contentUrl":"http:\/\/taxigo-paris.fr\/wp-content\/uploads\/2024\/06\/cropped-logo-TaxiGO.png","width":512,"height":512,"caption":"TaxiGO"},"image":{"@id":"http:\/\/taxigo-paris.fr\/#\/schema\/logo\/image\/"},"sameAs":["https:\/\/www.instagram.com\/les_taxis_abel_?igsh=dzVnajJ6dTF1OGNo&utm_source=qr"],"description":"TaxiGO est une entreprise de transport de personnes sp\u00e9cialis\u00e9e dans les services de r\u00e9servation de taxis haut de gamme. Bas\u00e9e sur l'utilisation de Mercedes Classe V, TaxiGO offre une exp\u00e9rience de voyage incomparable, alliant confort, s\u00e9curit\u00e9 et \u00e9l\u00e9gance. Notre mission est de fournir un service de transport fiable et luxueux, adapt\u00e9 aux besoins de nos clients les plus exigeants. Que ce soit pour des trajets d\u2019affaires, des transferts a\u00e9roportuaires ou des sorties en famille, TaxiGO garantit un voyage sans stress avec des chauffeurs professionnels et courtois, et des v\u00e9hicules toujours impeccables. Avec TaxiGO, chaque d\u00e9placement devient un moment de plaisir et de s\u00e9r\u00e9nit\u00e9.","email":"Resa.taxigo@gmail.com","telephone":"+33641220956","vatID":"FR87794185488","taxID":"79418548800028","numberOfEmployees":{"@type":"QuantitativeValue","minValue":"1","maxValue":"10"},"publishingPrinciples":"http:\/\/taxigo-paris.fr\/","ownershipFundingInfo":"http:\/\/taxigo-paris.fr\/","actionableFeedbackPolicy":"http:\/\/taxigo-paris.fr\/politique-de-confidentialite"}]}},"_links":{"self":[{"href":"https:\/\/taxigo-paris.fr\/en\/wp-json\/wp\/v2\/pages\/241605","targetHints":{"allow":["GET"]}}],"collection":[{"href":"https:\/\/taxigo-paris.fr\/en\/wp-json\/wp\/v2\/pages"}],"about":[{"href":"https:\/\/taxigo-paris.fr\/en\/wp-json\/wp\/v2\/types\/page"}],"author":[{"embeddable":true,"href":"https:\/\/taxigo-paris.fr\/en\/wp-json\/wp\/v2\/users\/1"}],"replies":[{"embeddable":true,"href":"https:\/\/taxigo-paris.fr\/en\/wp-json\/wp\/v2\/comments?post=241605"}],"version-history":[{"count":2,"href":"https:\/\/taxigo-paris.fr\/en\/wp-json\/wp\/v2\/pages\/241605\/revisions"}],"predecessor-version":[{"id":241810,"href":"https:\/\/taxigo-paris.fr\/en\/wp-json\/wp\/v2\/pages\/241605\/revisions\/241810"}],"wp:attachment":[{"href":"https:\/\/taxigo-paris.fr\/en\/wp-json\/wp\/v2\/media?parent=241605"}],"curies":[{"name":"wp","href":"https:\/\/api.w.org\/{rel}","templated":true}]}}