{"id":113,"date":"2024-06-14T16:11:28","date_gmt":"2024-06-14T16:11:28","guid":{"rendered":"https:\/\/taxigo-paris.fr\/?page_id=113"},"modified":"2025-02-11T11:57:04","modified_gmt":"2025-02-11T11:57:04","slug":"contact-reservation-taxi-paris","status":"publish","type":"page","link":"https:\/\/taxigo-paris.fr\/es\/contact-reservation-taxi-paris","title":{"rendered":"Contactar"},"content":{"rendered":"<p>[et_pb_section fb_built=\u00a0\u00bb1&Prime; _builder_version=\u00a0\u00bb4.25.2&Prime; _module_preset=\u00a0\u00bbdefault\u00a0\u00bb background_color=\u00a0\u00bb#000000&Prime; locked=\u00a0\u00bboff\u00a0\u00bb global_colors_info=\u00a0\u00bb{}\u00a0\u00bb da_is_popup=\u00a0\u00bboff\u00a0\u00bb da_exit_intent=\u00a0\u00bboff\u00a0\u00bb da_has_close=\u00a0\u00bbon\u00a0\u00bb da_alt_close=\u00a0\u00bboff\u00a0\u00bb da_dark_close=\u00a0\u00bboff\u00a0\u00bb da_not_modal=\u00a0\u00bbon\u00a0\u00bb da_is_singular=\u00a0\u00bboff\u00a0\u00bb da_with_loader=\u00a0\u00bboff\u00a0\u00bb da_has_shadow=\u00a0\u00bbon\u00a0\u00bb da_disable_devices=\u00a0\u00bboff|off|off\u00a0\u00bb][et_pb_row _builder_version=\u00a0\u00bb4.25.2&Prime; _module_preset=\u00a0\u00bbdefault\u00a0\u00bb global_colors_info=\u00a0\u00bb{}\u00a0\u00bb][et_pb_column type=\u00a0\u00bb4_4&Prime; _builder_version=\u00a0\u00bb4.25.2&Prime; _module_preset=\u00a0\u00bbdefault\u00a0\u00bb global_colors_info=\u00a0\u00bb{}\u00a0\u00bb][et_pb_text _builder_version=\u00a0\u00bb4.25.2&Prime; _module_preset=\u00a0\u00bbd2c73232-1ef0-4ee8-aa11-df1119aaf8c7&Prime; header_2_font=\u00a0\u00bbFira Sans Condensed|700|||||||\u00a0\u00bb header_2_text_color=\u00a0\u00bb#FFFFFF\u00a0\u00bb text_orientation=\u00a0\u00bbcenter\u00a0\u00bb hover_enabled=\u00a0\u00bb0&Prime; global_colors_info=\u00a0\u00bb{}\u00a0\u00bb header_font=\u00a0\u00bbFira Sans Condensed|700||on|||||\u00a0\u00bb header_text_color=\u00a0\u00bb#FFFFFF\u00a0\u00bb sticky_enabled=\u00a0\u00bb0&Prime;]<\/p>\n<h1>CONTACTO<\/h1>\n<p>[\/et_pb_text][\/et_pb_column][\/et_pb_row][\/et_pb_section][et_pb_section fb_built=\u00a0\u00bb1&Prime; admin_label=\u00a0\u00bbHeader &#038; Contact\u00a0\u00bb _builder_version=\u00a0\u00bb4.22.0&Prime; _module_preset=\u00a0\u00bbdefault\u00a0\u00bb collapsed=\u00a0\u00bbon\u00a0\u00bb global_colors_info=\u00a0\u00bb{}\u00a0\u00bb da_is_popup=\u00a0\u00bboff\u00a0\u00bb da_exit_intent=\u00a0\u00bboff\u00a0\u00bb da_has_close=\u00a0\u00bbon\u00a0\u00bb da_alt_close=\u00a0\u00bboff\u00a0\u00bb da_dark_close=\u00a0\u00bboff\u00a0\u00bb da_not_modal=\u00a0\u00bbon\u00a0\u00bb da_is_singular=\u00a0\u00bboff\u00a0\u00bb da_with_loader=\u00a0\u00bboff\u00a0\u00bb da_has_shadow=\u00a0\u00bbon\u00a0\u00bb da_disable_devices=\u00a0\u00bboff|off|off\u00a0\u00bb][et_pb_row column_structure=\u00a0\u00bb3_5,2_5&Prime; make_equal=\u00a0\u00bbon\u00a0\u00bb _builder_version=\u00a0\u00bb4.24.0&Prime; _module_preset=\u00a0\u00bbdefault\u00a0\u00bb max_width=\u00a0\u00bb1800px\u00a0\u00bb global_colors_info=\u00a0\u00bb{}\u00a0\u00bb][et_pb_column type=\u00a0\u00bb3_5&Prime; _builder_version=\u00a0\u00bb4.24.0&Prime; _module_preset=\u00a0\u00bbdefault\u00a0\u00bb global_colors_info=\u00a0\u00bb{}\u00a0\u00bb][et_pb_text _builder_version=\u00a0\u00bb4.25.2&Prime; _module_preset=\u00a0\u00bb48cc12bc-fd36-4b2f-8fc9-236b52af9d18&Prime; header_3_font=\u00a0\u00bbFira Sans Condensed|700|||||||\u00a0\u00bb global_colors_info=\u00a0\u00bb{}\u00a0\u00bb]<\/p>\n<h3>ENVIAR UN MENSAJE<\/h3>\n<p>[\/et_pb_text][et_pb_contact_form captcha=\u00a0\u00bboff\u00a0\u00bb email=\u00a0\u00bbResa.taxigo@gmail.com\u00a0\u00bb submit_button_text=\u00a0\u00bbENVOYER\u00a0\u00bb _builder_version=\u00a0\u00bb4.25.2&Prime; _module_preset=\u00a0\u00bb956e5cba-d3d3-4c4b-b7bb-6b71b3906335&Prime; button_bg_color=\u00a0\u00bbgcid-f1e65d51-fa2f-4bf0-b2c1-8eab7001e8fd\u00a0\u00bb locked=\u00a0\u00bboff\u00a0\u00bb global_colors_info=\u00a0\u00bb{%22gcid-f1e65d51-fa2f-4bf0-b2c1-8eab7001e8fd%22:%91%22button_bg_color%22%93,%22gcid-484db635-f953-40b6-926a-828c5cb79840%22:%91%22button_bg_color%22%93}\u00a0\u00bb][et_pb_contact_field field_id=\u00a0\u00bbNom\u00a0\u00bb field_title=\u00a0\u00bbNom\u00a0\u00bb fullwidth_field=\u00a0\u00bbon\u00a0\u00bb _builder_version=\u00a0\u00bb4.25.2&Prime; _module_preset=\u00a0\u00bbdefault\u00a0\u00bb global_colors_info=\u00a0\u00bb{}\u00a0\u00bb button_text_size__hover_enabled=\u00a0\u00bboff\u00a0\u00bb button_one_text_size__hover_enabled=\u00a0\u00bboff\u00a0\u00bb button_two_text_size__hover_enabled=\u00a0\u00bboff\u00a0\u00bb button_text_color__hover_enabled=\u00a0\u00bboff\u00a0\u00bb button_one_text_color__hover_enabled=\u00a0\u00bboff\u00a0\u00bb button_two_text_color__hover_enabled=\u00a0\u00bboff\u00a0\u00bb button_border_width__hover_enabled=\u00a0\u00bboff\u00a0\u00bb button_one_border_width__hover_enabled=\u00a0\u00bboff\u00a0\u00bb button_two_border_width__hover_enabled=\u00a0\u00bboff\u00a0\u00bb button_border_color__hover_enabled=\u00a0\u00bboff\u00a0\u00bb button_one_border_color__hover_enabled=\u00a0\u00bboff\u00a0\u00bb button_two_border_color__hover_enabled=\u00a0\u00bboff\u00a0\u00bb button_border_radius__hover_enabled=\u00a0\u00bboff\u00a0\u00bb button_one_border_radius__hover_enabled=\u00a0\u00bboff\u00a0\u00bb button_two_border_radius__hover_enabled=\u00a0\u00bboff\u00a0\u00bb button_letter_spacing__hover_enabled=\u00a0\u00bboff\u00a0\u00bb button_one_letter_spacing__hover_enabled=\u00a0\u00bboff\u00a0\u00bb button_two_letter_spacing__hover_enabled=\u00a0\u00bboff\u00a0\u00bb button_bg_color__hover_enabled=\u00a0\u00bboff\u00a0\u00bb button_one_bg_color__hover_enabled=\u00a0\u00bboff\u00a0\u00bb button_two_bg_color__hover_enabled=\u00a0\u00bboff\u00a0\u00bb][\/et_pb_contact_field][et_pb_contact_field field_id=\u00a0\u00bbEmail\u00a0\u00bb field_title=\u00a0\u00bbEmail\u00a0\u00bb field_type=\u00a0\u00bbemail\u00a0\u00bb fullwidth_field=\u00a0\u00bbon\u00a0\u00bb _builder_version=\u00a0\u00bb4.25.2&Prime; _module_preset=\u00a0\u00bbdefault\u00a0\u00bb global_colors_info=\u00a0\u00bb{}\u00a0\u00bb button_text_size__hover_enabled=\u00a0\u00bboff\u00a0\u00bb button_one_text_size__hover_enabled=\u00a0\u00bboff\u00a0\u00bb button_two_text_size__hover_enabled=\u00a0\u00bboff\u00a0\u00bb button_text_color__hover_enabled=\u00a0\u00bboff\u00a0\u00bb button_one_text_color__hover_enabled=\u00a0\u00bboff\u00a0\u00bb button_two_text_color__hover_enabled=\u00a0\u00bboff\u00a0\u00bb button_border_width__hover_enabled=\u00a0\u00bboff\u00a0\u00bb button_one_border_width__hover_enabled=\u00a0\u00bboff\u00a0\u00bb button_two_border_width__hover_enabled=\u00a0\u00bboff\u00a0\u00bb button_border_color__hover_enabled=\u00a0\u00bboff\u00a0\u00bb button_one_border_color__hover_enabled=\u00a0\u00bboff\u00a0\u00bb button_two_border_color__hover_enabled=\u00a0\u00bboff\u00a0\u00bb button_border_radius__hover_enabled=\u00a0\u00bboff\u00a0\u00bb button_one_border_radius__hover_enabled=\u00a0\u00bboff\u00a0\u00bb button_two_border_radius__hover_enabled=\u00a0\u00bboff\u00a0\u00bb button_letter_spacing__hover_enabled=\u00a0\u00bboff\u00a0\u00bb button_one_letter_spacing__hover_enabled=\u00a0\u00bboff\u00a0\u00bb button_two_letter_spacing__hover_enabled=\u00a0\u00bboff\u00a0\u00bb button_bg_color__hover_enabled=\u00a0\u00bboff\u00a0\u00bb button_one_bg_color__hover_enabled=\u00a0\u00bboff\u00a0\u00bb button_two_bg_color__hover_enabled=\u00a0\u00bboff\u00a0\u00bb][\/et_pb_contact_field][et_pb_contact_field field_id=\u00a0\u00bbMessage\u00a0\u00bb field_title=\u00a0\u00bbMessage\u00a0\u00bb field_type=\u00a0\u00bbtext\u00a0\u00bb fullwidth_field=\u00a0\u00bbon\u00a0\u00bb _builder_version=\u00a0\u00bb4.16&Prime; _module_preset=\u00a0\u00bbdefault\u00a0\u00bb global_colors_info=\u00a0\u00bb{}\u00a0\u00bb button_text_size__hover_enabled=\u00a0\u00bboff\u00a0\u00bb button_one_text_size__hover_enabled=\u00a0\u00bboff\u00a0\u00bb button_two_text_size__hover_enabled=\u00a0\u00bboff\u00a0\u00bb button_text_color__hover_enabled=\u00a0\u00bboff\u00a0\u00bb button_one_text_color__hover_enabled=\u00a0\u00bboff\u00a0\u00bb button_two_text_color__hover_enabled=\u00a0\u00bboff\u00a0\u00bb button_border_width__hover_enabled=\u00a0\u00bboff\u00a0\u00bb button_one_border_width__hover_enabled=\u00a0\u00bboff\u00a0\u00bb button_two_border_width__hover_enabled=\u00a0\u00bboff\u00a0\u00bb button_border_color__hover_enabled=\u00a0\u00bboff\u00a0\u00bb button_one_border_color__hover_enabled=\u00a0\u00bboff\u00a0\u00bb button_two_border_color__hover_enabled=\u00a0\u00bboff\u00a0\u00bb button_border_radius__hover_enabled=\u00a0\u00bboff\u00a0\u00bb button_one_border_radius__hover_enabled=\u00a0\u00bboff\u00a0\u00bb button_two_border_radius__hover_enabled=\u00a0\u00bboff\u00a0\u00bb button_letter_spacing__hover_enabled=\u00a0\u00bboff\u00a0\u00bb button_one_letter_spacing__hover_enabled=\u00a0\u00bboff\u00a0\u00bb button_two_letter_spacing__hover_enabled=\u00a0\u00bboff\u00a0\u00bb button_bg_color__hover_enabled=\u00a0\u00bboff\u00a0\u00bb button_one_bg_color__hover_enabled=\u00a0\u00bboff\u00a0\u00bb button_two_bg_color__hover_enabled=\u00a0\u00bboff\u00a0\u00bb][\/et_pb_contact_field][\/et_pb_contact_form][\/et_pb_column][et_pb_column type=\u00a0\u00bb2_5&Prime; _builder_version=\u00a0\u00bb4.22.0&Prime; _module_preset=\u00a0\u00bbdefault\u00a0\u00bb background_color=\u00a0\u00bbgcid-a93f2103-1d8b-43bb-b21d-81d84bba8b15&Prime; custom_padding=\u00a0\u00bb40px|40px|40px|40px|true|true\u00a0\u00bb custom_padding_tablet=\u00a0\u00bb30px|30px|30px|30px|true|true\u00a0\u00bb custom_padding_phone=\u00a0\u00bb20px|20px|20px|20px|true|true\u00a0\u00bb custom_padding_last_edited=\u00a0\u00bbon|desktop\u00a0\u00bb border_radii=\u00a0\u00bbon|30px|30px|30px|30px\u00a0\u00bb global_colors_info=\u00a0\u00bb{%22gcid-a93f2103-1d8b-43bb-b21d-81d84bba8b15%22:%91%22background_color%22%93}\u00a0\u00bb][et_pb_text _builder_version=\u00a0\u00bb4.25.2&Prime; _module_preset=\u00a0\u00bbb73957ef-f0a2-48aa-9d61-4fa2c652e0b0&Prime; header_4_font=\u00a0\u00bbFira Sans Condensed|700|||||||\u00a0\u00bb header_4_font_size=\u00a0\u00bb46px\u00a0\u00bb global_colors_info=\u00a0\u00bb{}\u00a0\u00bb]<\/p>\n<h4><span><strong><span style=\"color: #00da6b;\">DISPONIBLES :<\/span><\/strong> 24H\/24 y 7J\/7<\/span><\/h4>\n<p>[\/et_pb_text][et_pb_blurb title=\u00a0\u00bbT\u00e9l\u00e9phone\u00a0\u00bb url=\u00a0\u00bbtel:+33641220956&Prime; use_icon=\u00a0\u00bbon\u00a0\u00bb font_icon=\u00a0\u00bb&#xf879;||fa||900&Prime; image_icon_background_color=\u00a0\u00bb#000000&Prime; _builder_version=\u00a0\u00bb4.25.2&Prime; _module_preset=\u00a0\u00bb67f6fbaf-8869-4089-ac64-49809832fb82&Prime; header_font=\u00a0\u00bbFira Sans Condensed|700|||||||\u00a0\u00bb body_font=\u00a0\u00bbFira Sans Condensed||||||||\u00a0\u00bb min_height=\u00a0\u00bb91.5px\u00a0\u00bb locked=\u00a0\u00bboff\u00a0\u00bb global_colors_info=\u00a0\u00bb{%22gcid-484db635-f953-40b6-926a-828c5cb79840%22:%91%22image_icon_background_color%22%93}\u00a0\u00bb]<\/p>\n<p data-pm-slice=\"1 1 []\">+33 641 22 09 56<\/p>\n<p>&nbsp;<\/p>\n<p>[\/et_pb_blurb][et_pb_blurb title=\u00a0\u00bbEmail\u00a0\u00bb use_icon=\u00a0\u00bbon\u00a0\u00bb font_icon=\u00a0\u00bb&#xe076;||divi||400&Prime; image_icon_background_color=\u00a0\u00bb#000000&Prime; _builder_version=\u00a0\u00bb4.25.2&Prime; _module_preset=\u00a0\u00bb67f6fbaf-8869-4089-ac64-49809832fb82&Prime; header_font=\u00a0\u00bbFira Sans Condensed|700|||||||\u00a0\u00bb body_font=\u00a0\u00bbFira Sans Condensed||||||||\u00a0\u00bb locked=\u00a0\u00bboff\u00a0\u00bb global_colors_info=\u00a0\u00bb{%22gcid-484db635-f953-40b6-926a-828c5cb79840%22:%91%22image_icon_background_color%22,%22image_icon_background_color%22%93,%22gcid-779a3d53-700b-4950-9fae-611323b51b16%22:%91%22body_link_text_color%22,%22body_link_text_color%22%93}\u00a0\u00bb]<\/p>\n<p><a href=\"mailto:Resa.taxigo@gmail.com\">Resa.taxigo@gmail.com<\/a><\/p>\n<p>[\/et_pb_blurb][\/et_pb_column][\/et_pb_row][\/et_pb_section]<\/p>","protected":false},"excerpt":{"rendered":"<p>CONTACTENVOYER UN MESSAGEDISPONIBLE : 24H\/24 &amp; 7J\/7+33 641 22 09 56 &nbsp;Resa.taxigo@gmail.com<\/p>","protected":false},"author":1,"featured_media":0,"parent":0,"menu_order":0,"comment_status":"closed","ping_status":"closed","template":"","meta":{"_et_pb_use_builder":"on","_et_pb_old_content":"","_et_gb_content_width":"","footnotes":""},"class_list":["post-113","page","type-page","status-publish","hentry"],"yoast_head":"<!-- This site is optimized with the Yoast SEO Premium plugin v22.8 (Yoast SEO v23.9) - https:\/\/yoast.com\/wordpress\/plugins\/seo\/ -->\n<title>Contact R\u00e9servation Taxi Paris - Assistance 24\/7 | TaxiGO<\/title>\n<meta name=\"description\" content=\"R\u00e9servez votre taxi \u00e0 Paris avec TaxiGO. Contactez-nous pour un transfert a\u00e9roport ou tout autre besoin de transport, disponible 24\/7.\" \/>\n<meta name=\"robots\" content=\"index, follow, max-snippet:-1, max-image-preview:large, max-video-preview:-1\" \/>\n<link rel=\"canonical\" href=\"https:\/\/taxigo-paris.fr\/es\/contact-reservation-taxi-paris\/\" \/>\n<meta property=\"og:locale\" content=\"es_ES\" \/>\n<meta property=\"og:type\" content=\"article\" \/>\n<meta property=\"og:title\" content=\"Contact\" \/>\n<meta property=\"og:description\" content=\"R\u00e9servez votre taxi \u00e0 Paris avec TaxiGO. Contactez-nous pour un transfert a\u00e9roport ou tout autre besoin de transport, disponible 24\/7.\" \/>\n<meta property=\"og:url\" content=\"https:\/\/taxigo-paris.fr\/es\/contact-reservation-taxi-paris\/\" \/>\n<meta property=\"og:site_name\" content=\"TaxiGo\" \/>\n<meta property=\"article:modified_time\" content=\"2025-02-11T11:57:04+00:00\" \/>\n<meta property=\"og:image\" content=\"https:\/\/taxigo-paris.fr\/wp-content\/uploads\/2024\/06\/Yoast.png\" \/>\n\t<meta property=\"og:image:width\" content=\"1200\" \/>\n\t<meta property=\"og:image:height\" content=\"675\" \/>\n\t<meta property=\"og:image:type\" content=\"image\/png\" \/>\n<meta name=\"twitter:card\" content=\"summary_large_image\" \/>\n<meta name=\"twitter:label1\" content=\"Tiempo de lectura\" \/>\n\t<meta name=\"twitter:data1\" content=\"1 minuto\" \/>\n<script type=\"application\/ld+json\" class=\"yoast-schema-graph\">{\"@context\":\"https:\/\/schema.org\",\"@graph\":[{\"@type\":\"WebPage\",\"@id\":\"https:\/\/taxigo-paris.fr\/contact-reservation-taxi-paris\",\"url\":\"https:\/\/taxigo-paris.fr\/contact-reservation-taxi-paris\",\"name\":\"Contact R\u00e9servation Taxi Paris - Assistance 24\/7 | TaxiGO\",\"isPartOf\":{\"@id\":\"http:\/\/taxigo-paris.fr\/#website\"},\"datePublished\":\"2024-06-14T16:11:28+00:00\",\"dateModified\":\"2025-02-11T11:57:04+00:00\",\"description\":\"R\u00e9servez votre taxi \u00e0 Paris avec TaxiGO. Contactez-nous pour un transfert a\u00e9roport ou tout autre besoin de transport, disponible 24\/7.\",\"breadcrumb\":{\"@id\":\"https:\/\/taxigo-paris.fr\/contact-reservation-taxi-paris#breadcrumb\"},\"inLanguage\":\"es\",\"potentialAction\":[{\"@type\":\"ReadAction\",\"target\":[\"https:\/\/taxigo-paris.fr\/contact-reservation-taxi-paris\"]}]},{\"@type\":\"BreadcrumbList\",\"@id\":\"https:\/\/taxigo-paris.fr\/contact-reservation-taxi-paris#breadcrumb\",\"itemListElement\":[{\"@type\":\"ListItem\",\"position\":1,\"name\":\"Accueil\",\"item\":\"http:\/\/taxigo-paris.fr\/\"},{\"@type\":\"ListItem\",\"position\":2,\"name\":\"Contact\"}]},{\"@type\":\"WebSite\",\"@id\":\"http:\/\/taxigo-paris.fr\/#website\",\"url\":\"http:\/\/taxigo-paris.fr\/\",\"name\":\"TaxiGO\",\"description\":\"Votre trajet parfait en Mercedes Classe V\",\"publisher\":{\"@id\":\"http:\/\/taxigo-paris.fr\/#organization\"},\"potentialAction\":[{\"@type\":\"SearchAction\",\"target\":{\"@type\":\"EntryPoint\",\"urlTemplate\":\"http:\/\/taxigo-paris.fr\/?s={search_term_string}\"},\"query-input\":{\"@type\":\"PropertyValueSpecification\",\"valueRequired\":true,\"valueName\":\"search_term_string\"}}],\"inLanguage\":\"es\"},{\"@type\":\"Organization\",\"@id\":\"http:\/\/taxigo-paris.fr\/#organization\",\"name\":\"TaxiGO\",\"url\":\"http:\/\/taxigo-paris.fr\/\",\"logo\":{\"@type\":\"ImageObject\",\"inLanguage\":\"es\",\"@id\":\"http:\/\/taxigo-paris.fr\/#\/schema\/logo\/image\/\",\"url\":\"http:\/\/taxigo-paris.fr\/wp-content\/uploads\/2024\/06\/cropped-logo-TaxiGO.png\",\"contentUrl\":\"http:\/\/taxigo-paris.fr\/wp-content\/uploads\/2024\/06\/cropped-logo-TaxiGO.png\",\"width\":512,\"height\":512,\"caption\":\"TaxiGO\"},\"image\":{\"@id\":\"http:\/\/taxigo-paris.fr\/#\/schema\/logo\/image\/\"},\"sameAs\":[\"https:\/\/www.instagram.com\/les_taxis_abel_?igsh=dzVnajJ6dTF1OGNo&utm_source=qr\"],\"description\":\"TaxiGO est une entreprise de transport de personnes sp\u00e9cialis\u00e9e dans les services de r\u00e9servation de taxis haut de gamme. Bas\u00e9e sur l'utilisation de Mercedes Classe V, TaxiGO offre une exp\u00e9rience de voyage incomparable, alliant confort, s\u00e9curit\u00e9 et \u00e9l\u00e9gance. Notre mission est de fournir un service de transport fiable et luxueux, adapt\u00e9 aux besoins de nos clients les plus exigeants. Que ce soit pour des trajets d\u2019affaires, des transferts a\u00e9roportuaires ou des sorties en famille, TaxiGO garantit un voyage sans stress avec des chauffeurs professionnels et courtois, et des v\u00e9hicules toujours impeccables. Avec TaxiGO, chaque d\u00e9placement devient un moment de plaisir et de s\u00e9r\u00e9nit\u00e9.\",\"email\":\"Resa.taxigo@gmail.com\",\"telephone\":\"+33641220956\",\"vatID\":\"FR87794185488\",\"taxID\":\"79418548800028\",\"numberOfEmployees\":{\"@type\":\"QuantitativeValue\",\"minValue\":\"1\",\"maxValue\":\"10\"},\"publishingPrinciples\":\"http:\/\/taxigo-paris.fr\/\",\"ownershipFundingInfo\":\"http:\/\/taxigo-paris.fr\/\",\"actionableFeedbackPolicy\":\"http:\/\/taxigo-paris.fr\/politique-de-confidentialite\"}]}<\/script>\n<!-- \/ Yoast SEO Premium plugin. -->","yoast_head_json":{"title":"Contact R\u00e9servation Taxi Paris - Assistance 24\/7 | TaxiGO","description":"R\u00e9servez votre taxi \u00e0 Paris avec TaxiGO. Contactez-nous pour un transfert a\u00e9roport ou tout autre besoin de transport, disponible 24\/7.","robots":{"index":"index","follow":"follow","max-snippet":"max-snippet:-1","max-image-preview":"max-image-preview:large","max-video-preview":"max-video-preview:-1"},"canonical":"https:\/\/taxigo-paris.fr\/es\/contact-reservation-taxi-paris\/","og_locale":"es_ES","og_type":"article","og_title":"Contact","og_description":"R\u00e9servez votre taxi \u00e0 Paris avec TaxiGO. Contactez-nous pour un transfert a\u00e9roport ou tout autre besoin de transport, disponible 24\/7.","og_url":"https:\/\/taxigo-paris.fr\/es\/contact-reservation-taxi-paris\/","og_site_name":"TaxiGo","article_modified_time":"2025-02-11T11:57:04+00:00","og_image":[{"width":1200,"height":675,"url":"https:\/\/taxigo-paris.fr\/wp-content\/uploads\/2024\/06\/Yoast.png","type":"image\/png"}],"twitter_card":"summary_large_image","twitter_misc":{"Tiempo de lectura":"1 minuto"},"schema":{"@context":"https:\/\/schema.org","@graph":[{"@type":"WebPage","@id":"https:\/\/taxigo-paris.fr\/contact-reservation-taxi-paris","url":"https:\/\/taxigo-paris.fr\/contact-reservation-taxi-paris","name":"Contact R\u00e9servation Taxi Paris - Assistance 24\/7 | TaxiGO","isPartOf":{"@id":"http:\/\/taxigo-paris.fr\/#website"},"datePublished":"2024-06-14T16:11:28+00:00","dateModified":"2025-02-11T11:57:04+00:00","description":"R\u00e9servez votre taxi \u00e0 Paris avec TaxiGO. Contactez-nous pour un transfert a\u00e9roport ou tout autre besoin de transport, disponible 24\/7.","breadcrumb":{"@id":"https:\/\/taxigo-paris.fr\/contact-reservation-taxi-paris#breadcrumb"},"inLanguage":"es","potentialAction":[{"@type":"ReadAction","target":["https:\/\/taxigo-paris.fr\/contact-reservation-taxi-paris"]}]},{"@type":"BreadcrumbList","@id":"https:\/\/taxigo-paris.fr\/contact-reservation-taxi-paris#breadcrumb","itemListElement":[{"@type":"ListItem","position":1,"name":"Accueil","item":"http:\/\/taxigo-paris.fr\/"},{"@type":"ListItem","position":2,"name":"Contact"}]},{"@type":"WebSite","@id":"http:\/\/taxigo-paris.fr\/#website","url":"http:\/\/taxigo-paris.fr\/","name":"TaxiGO","description":"Votre trajet parfait en Mercedes Classe V","publisher":{"@id":"http:\/\/taxigo-paris.fr\/#organization"},"potentialAction":[{"@type":"SearchAction","target":{"@type":"EntryPoint","urlTemplate":"http:\/\/taxigo-paris.fr\/?s={search_term_string}"},"query-input":{"@type":"PropertyValueSpecification","valueRequired":true,"valueName":"search_term_string"}}],"inLanguage":"es"},{"@type":"Organization","@id":"http:\/\/taxigo-paris.fr\/#organization","name":"TaxiGO","url":"http:\/\/taxigo-paris.fr\/","logo":{"@type":"ImageObject","inLanguage":"es","@id":"http:\/\/taxigo-paris.fr\/#\/schema\/logo\/image\/","url":"http:\/\/taxigo-paris.fr\/wp-content\/uploads\/2024\/06\/cropped-logo-TaxiGO.png","contentUrl":"http:\/\/taxigo-paris.fr\/wp-content\/uploads\/2024\/06\/cropped-logo-TaxiGO.png","width":512,"height":512,"caption":"TaxiGO"},"image":{"@id":"http:\/\/taxigo-paris.fr\/#\/schema\/logo\/image\/"},"sameAs":["https:\/\/www.instagram.com\/les_taxis_abel_?igsh=dzVnajJ6dTF1OGNo&utm_source=qr"],"description":"TaxiGO est une entreprise de transport de personnes sp\u00e9cialis\u00e9e dans les services de r\u00e9servation de taxis haut de gamme. Bas\u00e9e sur l'utilisation de Mercedes Classe V, TaxiGO offre une exp\u00e9rience de voyage incomparable, alliant confort, s\u00e9curit\u00e9 et \u00e9l\u00e9gance. Notre mission est de fournir un service de transport fiable et luxueux, adapt\u00e9 aux besoins de nos clients les plus exigeants. Que ce soit pour des trajets d\u2019affaires, des transferts a\u00e9roportuaires ou des sorties en famille, TaxiGO garantit un voyage sans stress avec des chauffeurs professionnels et courtois, et des v\u00e9hicules toujours impeccables. Avec TaxiGO, chaque d\u00e9placement devient un moment de plaisir et de s\u00e9r\u00e9nit\u00e9.","email":"Resa.taxigo@gmail.com","telephone":"+33641220956","vatID":"FR87794185488","taxID":"79418548800028","numberOfEmployees":{"@type":"QuantitativeValue","minValue":"1","maxValue":"10"},"publishingPrinciples":"http:\/\/taxigo-paris.fr\/","ownershipFundingInfo":"http:\/\/taxigo-paris.fr\/","actionableFeedbackPolicy":"http:\/\/taxigo-paris.fr\/politique-de-confidentialite"}]}},"_links":{"self":[{"href":"https:\/\/taxigo-paris.fr\/es\/wp-json\/wp\/v2\/pages\/113","targetHints":{"allow":["GET"]}}],"collection":[{"href":"https:\/\/taxigo-paris.fr\/es\/wp-json\/wp\/v2\/pages"}],"about":[{"href":"https:\/\/taxigo-paris.fr\/es\/wp-json\/wp\/v2\/types\/page"}],"author":[{"embeddable":true,"href":"https:\/\/taxigo-paris.fr\/es\/wp-json\/wp\/v2\/users\/1"}],"replies":[{"embeddable":true,"href":"https:\/\/taxigo-paris.fr\/es\/wp-json\/wp\/v2\/comments?post=113"}],"version-history":[{"count":2,"href":"https:\/\/taxigo-paris.fr\/es\/wp-json\/wp\/v2\/pages\/113\/revisions"}],"predecessor-version":[{"id":241812,"href":"https:\/\/taxigo-paris.fr\/es\/wp-json\/wp\/v2\/pages\/113\/revisions\/241812"}],"wp:attachment":[{"href":"https:\/\/taxigo-paris.fr\/es\/wp-json\/wp\/v2\/media?parent=113"}],"curies":[{"name":"wp","href":"https:\/\/api.w.org\/{rel}","templated":true}]}}